{"id":10181,"date":"2022-07-02T18:29:43","date_gmt":"2022-07-02T18:29:43","guid":{"rendered":"https:\/\/cscan.webix.ca\/?page_id=10181"},"modified":"2024-12-22T09:49:45","modified_gmt":"2024-12-22T14:49:45","slug":"foutse-khomh","status":"publish","type":"page","link":"https:\/\/cscan-infocan.ca\/fr\/foutse-khomh\/","title":{"rendered":"Foutse Khomh\ufffc"},"content":{"rendered":"<div data-elementor-type=\"wp-page\" data-elementor-id=\"10181\" class=\"elementor elementor-10181\">\n\t\t\t\t<div class=\"elementor-element elementor-element-107150a3 e-flex e-con-boxed e-con e-parent\" data-id=\"107150a3\" data-element_type=\"container\" data-e-type=\"container\">\n\t\t\t\t\t<div class=\"e-con-inner\">\n\t\t<div class=\"elementor-element elementor-element-431e7b64 e-con-full e-flex e-con e-child\" data-id=\"431e7b64\" data-element_type=\"container\" data-e-type=\"container\" data-settings=\"{&quot;background_background&quot;:&quot;classic&quot;}\">\n\t\t<div class=\"elementor-element elementor-element-5bdba746 e-con-full e-flex e-con e-child\" data-id=\"5bdba746\" data-element_type=\"container\" data-e-type=\"container\" data-settings=\"{&quot;background_background&quot;:&quot;classic&quot;}\">\n\t\t<div class=\"elementor-element elementor-element-8ef2de8 e-con-full e-flex e-con e-child\" data-id=\"8ef2de8\" data-element_type=\"container\" data-e-type=\"container\" data-settings=\"{&quot;background_background&quot;:&quot;classic&quot;}\">\n\t\t\t\t<div class=\"elementor-element elementor-element-534e8784 elementor-widget elementor-widget-heading\" data-id=\"534e8784\" data-element_type=\"widget\" data-e-type=\"widget\" data-widget_type=\"heading.default\">\n\t\t\t\t\t<h2 class=\"elementor-heading-title elementor-size-default\">Polytechnique Montr\u00e9al<\/h2>\t\t\t\t<\/div>\n\t\t\t\t<div class=\"elementor-element elementor-element-60c987ad elementor-widget elementor-widget-heading\" data-id=\"60c987ad\" data-element_type=\"widget\" data-e-type=\"widget\" data-widget_type=\"heading.default\">\n\t\t\t\t\t<h2 class=\"elementor-heading-title elementor-size-default\">Foutse Khomh<\/h2>\t\t\t\t<\/div>\n\t\t\t\t<\/div>\n\t\t\t\t<\/div>\n\t\t<div class=\"elementor-element elementor-element-3877fa37 e-con-full e-flex e-con e-child\" data-id=\"3877fa37\" data-element_type=\"container\" data-e-type=\"container\">\n\t\t\t\t<div class=\"elementor-element elementor-element-e56d6fa elementor-icon-list--layout-traditional elementor-list-item-link-full_width elementor-widget elementor-widget-icon-list\" data-id=\"e56d6fa\" data-element_type=\"widget\" data-e-type=\"widget\" data-widget_type=\"icon-list.default\">\n\t\t\t\t\t\t\t<ul class=\"elementor-icon-list-items\">\n\t\t\t\t\t\t\t<li class=\"elementor-icon-list-item\">\n\t\t\t\t\t\t\t\t\t\t\t<span class=\"elementor-icon-list-icon\">\n\t\t\t\t\t\t\t<svg aria-hidden=\"true\" class=\"e-font-icon-svg e-fas-university\" viewbox=\"0 0 512 512\" xmlns=\"http:\/\/www.w3.org\/2000\/svg\"><path d=\"M496 128v16a8 8 0 0 1-8 8h-24v12c0 6.627-5.373 12-12 12H60c-6.627 0-12-5.373-12-12v-12H24a8 8 0 0 1-8-8v-16a8 8 0 0 1 4.941-7.392l232-88a7.996 7.996 0 0 1 6.118 0l232 88A8 8 0 0 1 496 128zm-24 304H40c-13.255 0-24 10.745-24 24v16a8 8 0 0 0 8 8h464a8 8 0 0 0 8-8v-16c0-13.255-10.745-24-24-24zM96 192v192H60c-6.627 0-12 5.373-12 12v20h416v-20c0-6.627-5.373-12-12-12h-36V192h-64v192h-64V192h-64v192h-64V192H96z\"><\/path><\/svg>\t\t\t\t\t\t<\/span>\n\t\t\t\t\t\t\t\t\t\t<span class=\"elementor-icon-list-text\">Polytechnique Montr\u00e9al<\/span>\n\t\t\t\t\t\t\t\t\t<\/li>\n\t\t\t\t\t\t<\/ul>\n\t\t\t\t\t\t<\/div>\n\t\t\t\t<div class=\"elementor-element elementor-element-f6dab87 elementor-widget-divider--view-line elementor-widget elementor-widget-divider\" data-id=\"f6dab87\" data-element_type=\"widget\" data-e-type=\"widget\" data-widget_type=\"divider.default\">\n\t\t\t\t\t\t\t<div class=\"elementor-divider\">\n\t\t\t<span class=\"elementor-divider-separator\">\n\t\t\t\t\t\t<\/span>\n\t\t<\/div>\n\t\t\t\t\t\t<\/div>\n\t\t\t\t<div class=\"elementor-element elementor-element-79b12b5 elementor-widget elementor-widget-text-editor\" data-id=\"79b12b5\" data-element_type=\"widget\" data-e-type=\"widget\" data-widget_type=\"text-editor.default\">\n\t\t\t\t\t\t\t\t\t<p>Le professeur Khomh a effectu\u00e9 un travail de pionnier dans le domaine de la maintenance et de l'\u00e9volution des logiciels. Il a notamment men\u00e9 des recherches de pointe sur l'impact des d\u00e9cisions de conception des d\u00e9veloppeurs sur la qualit\u00e9 des logiciels. Par exemple, ses travaux de recherche sur l'impact des mod\u00e8les de conception et des anti-mod\u00e8les de conception sur la qualit\u00e9 des syst\u00e8mes logiciels ont \u00e9t\u00e9 cit\u00e9s plus de 1 932 fois selon Google scholar. Ses recherches ont eu un impact profond sur ses \u00e9tudiants, son d\u00e9partement, son universit\u00e9 et la communaut\u00e9 internationale. Il a r\u00e9dig\u00e9 plus de 150 articles de recherche soumis \u00e0 un comit\u00e9 de lecture qui ont \u00e9t\u00e9 cit\u00e9s plus de 3604 fois.<\/p><p>Les travaux du professeur Khomh ont \u00e9t\u00e9 r\u00e9compens\u00e9s par trois prix \"Most Influential Paper\" (MIP) sur dix ans, cinq prix \"Best\/Distinguished paper\" et plus de quinze nominations pour des prix \"Best Paper\". Son h-index Google Scholar est de 30 et son i10-index de 68, ce qui le place parmi les chercheurs en g\u00e9nie logiciel les plus cit\u00e9s de sa g\u00e9n\u00e9ration. Une r\u00e9cente \u00e9valuation bibliom\u00e9trique des chercheurs en g\u00e9nie logiciel l'a class\u00e9 au 2e rang mondial et au 1er rang canadien dans la cat\u00e9gorie\u00a0<em>Chercheurs en d\u00e9but de carri\u00e8re les plus actifs<\/em>. Ses recherches ont b\u00e9n\u00e9fici\u00e9 d'un soutien exceptionnel et, \u00e0 ce jour, il a re\u00e7u plus de $2,5 millions de dollars en financement de recherche de diverses sources, notamment le Programme de d\u00e9couverte du CRSNG, le Programme de suppl\u00e9ment \u00e0 la d\u00e9couverte du CRSNG, le Programme Engage du CRSNG, le Programme de recherche et d\u00e9veloppement coop\u00e9rative du CRSNG, les chaires de recherche FRQ-IVADO et le programme Mitacs.<\/p><p>Le professeur Khomh est \u00e9galement un mentor et un enseignant hors pair. En 2016, il a re\u00e7u le Best Graduate Teaching Award de Polytechnique Montr\u00e9al. Il a supervis\u00e9 ou co-supervis\u00e9 sept \u00e9tudiants au doctorat, onze \u00e9tudiants \u00e0 la ma\u00eetrise et dix \u00e9tudiants au premier cycle. Trois de ses \u00e9tudiants au doctorat ont \u00e9t\u00e9 mis en nomination pour le prix de la meilleure th\u00e8se de doctorat de Polytechnique Montr\u00e9al et l'un d'eux a remport\u00e9 le prix de la meilleure th\u00e8se de doctorat en informatique et en g\u00e9nie logiciel de Polytechnique Montr\u00e9al.<\/p><p>Le professeur Khomh fait partie des comit\u00e9s de programme et des comit\u00e9s de r\u00e9daction de plusieurs conf\u00e9rences internationales et revues internationales de premier plan dans le domaine du g\u00e9nie logiciel. Il a re\u00e7u des prix d'excellence de la part de conf\u00e9rences, dont WCRE, et de revues, dont TOSEM. Il est pr\u00e9sident du programme des \u00e9v\u00e9nements satellites de SANER 2015, copr\u00e9sident du programme de SCAM 2015, ICSME 2018, PROMISE 2019 et ICPC 2019, et pr\u00e9sident g\u00e9n\u00e9ral de SCAM 2020, SANER 2020 et ICPC 2018. Il fait partie du comit\u00e9 directeur de SANER, ICPC (pr\u00e9sident), PROMISE, MSR et ICSME (vice-pr\u00e9sident).<\/p>\t\t\t\t\t\t\t\t<\/div>\n\t\t\t\t<\/div>\n\t\t\t\t<\/div>\n\t\t\t\t\t<\/div>\n\t\t\t\t<\/div>\n\t\t\t\t<\/div>","protected":false},"excerpt":{"rendered":"<p>Polytechnique Montr\u00e9al Foutse Khomh Polytechnique Montr\u00e9al Professor Khomh has developed pioneering work in the area of software maintenance and evolution. In particular, he has produced breakthrough research on the impact of developers\u2019 design decisions on software quality. For example, his research work on the impact of design patterns and design anti-patterns on the quality of [&hellip;]<\/p>\n","protected":false},"author":76,"featured_media":0,"parent":0,"menu_order":0,"comment_status":"closed","ping_status":"closed","template":"","meta":{"site-sidebar-layout":"no-sidebar","site-content-layout":"page-builder","ast-site-content-layout":"default","site-content-style":"default","site-sidebar-style":"default","ast-global-header-display":"","ast-banner-title-visibility":"","ast-main-header-display":"","ast-hfb-above-header-display":"","ast-hfb-below-header-display":"","ast-hfb-mobile-header-display":"","site-post-title":"disabled","ast-breadcrumbs-content":"","ast-featured-img":"disabled","footer-sml-layout":"","ast-disable-related-posts":"","theme-transparent-header-meta":"","adv-header-id-meta":"","stick-header-meta":"","header-above-stick-meta":"","header-main-stick-meta":"","header-below-stick-meta":"","astra-migrate-meta-layouts":"default","ast-page-background-enabled":"default","ast-page-background-meta":{"desktop":{"background-color":"","background-image":"","background-repeat":"repeat","background-position":"center center","background-size":"auto","background-attachment":"scroll","background-type":"","background-media":"","overlay-type":"","overlay-color":"","overlay-opacity":"","overlay-gradient":""},"tablet":{"background-color":"","background-image":"","background-repeat":"repeat","background-position":"center center","background-size":"auto","background-attachment":"scroll","background-type":"","background-media":"","overlay-type":"","overlay-color":"","overlay-opacity":"","overlay-gradient":""},"mobile":{"background-color":"","background-image":"","background-repeat":"repeat","background-position":"center center","background-size":"auto","background-attachment":"scroll","background-type":"","background-media":"","overlay-type":"","overlay-color":"","overlay-opacity":"","overlay-gradient":""}},"ast-content-background-meta":{"desktop":{"background-color":"var(--ast-global-color-5)","background-image":"","background-repeat":"repeat","background-position":"center center","background-size":"auto","background-attachment":"scroll","background-type":"","background-media":"","overlay-type":"","overlay-color":"","overlay-opacity":"","overlay-gradient":""},"tablet":{"background-color":"var(--ast-global-color-5)","background-image":"","background-repeat":"repeat","background-position":"center center","background-size":"auto","background-attachment":"scroll","background-type":"","background-media":"","overlay-type":"","overlay-color":"","overlay-opacity":"","overlay-gradient":""},"mobile":{"background-color":"var(--ast-global-color-5)","background-image":"","background-repeat":"repeat","background-position":"center center","background-size":"auto","background-attachment":"scroll","background-type":"","background-media":"","overlay-type":"","overlay-color":"","overlay-opacity":"","overlay-gradient":""}},"footnotes":""},"class_list":["post-10181","page","type-page","status-publish","hentry"],"_links":{"self":[{"href":"https:\/\/cscan-infocan.ca\/fr\/wp-json\/wp\/v2\/pages\/10181","targetHints":{"allow":["GET"]}}],"collection":[{"href":"https:\/\/cscan-infocan.ca\/fr\/wp-json\/wp\/v2\/pages"}],"about":[{"href":"https:\/\/cscan-infocan.ca\/fr\/wp-json\/wp\/v2\/types\/page"}],"author":[{"embeddable":true,"href":"https:\/\/cscan-infocan.ca\/fr\/wp-json\/wp\/v2\/users\/76"}],"replies":[{"embeddable":true,"href":"https:\/\/cscan-infocan.ca\/fr\/wp-json\/wp\/v2\/comments?post=10181"}],"version-history":[{"count":6,"href":"https:\/\/cscan-infocan.ca\/fr\/wp-json\/wp\/v2\/pages\/10181\/revisions"}],"predecessor-version":[{"id":24974,"href":"https:\/\/cscan-infocan.ca\/fr\/wp-json\/wp\/v2\/pages\/10181\/revisions\/24974"}],"wp:attachment":[{"href":"https:\/\/cscan-infocan.ca\/fr\/wp-json\/wp\/v2\/media?parent=10181"}],"curies":[{"name":"wp","href":"https:\/\/api.w.org\/{rel}","templated":true}]}}