{"id":10169,"date":"2022-07-02T18:26:45","date_gmt":"2022-07-02T18:26:45","guid":{"rendered":"https:\/\/cscan.webix.ca\/?page_id=10169"},"modified":"2024-12-16T18:15:32","modified_gmt":"2024-12-16T23:15:32","slug":"florian-kerschbaum","status":"publish","type":"page","link":"https:\/\/cscan-infocan.ca\/fr\/florian-kerschbaum\/","title":{"rendered":"Florian Kerschbaum"},"content":{"rendered":"<div data-elementor-type=\"wp-page\" data-elementor-id=\"10169\" class=\"elementor elementor-10169\">\n\t\t\t\t<div class=\"elementor-element elementor-element-b02b99b e-flex e-con-boxed e-con e-parent\" data-id=\"b02b99b\" data-element_type=\"container\" data-e-type=\"container\">\n\t\t\t\t\t<div class=\"e-con-inner\">\n\t\t<div class=\"elementor-element elementor-element-7ad967e8 e-con-full e-flex e-con e-child\" data-id=\"7ad967e8\" data-element_type=\"container\" data-e-type=\"container\" data-settings=\"{&quot;background_background&quot;:&quot;classic&quot;}\">\n\t\t<div class=\"elementor-element elementor-element-b115e6b e-con-full e-flex e-con e-child\" data-id=\"b115e6b\" data-element_type=\"container\" data-e-type=\"container\" data-settings=\"{&quot;background_background&quot;:&quot;classic&quot;}\">\n\t\t<div class=\"elementor-element elementor-element-7d9d9239 e-con-full e-flex e-con e-child\" data-id=\"7d9d9239\" data-element_type=\"container\" data-e-type=\"container\" data-settings=\"{&quot;background_background&quot;:&quot;classic&quot;}\">\n\t\t\t\t<div class=\"elementor-element elementor-element-71e7c9eb elementor-widget elementor-widget-heading\" data-id=\"71e7c9eb\" data-element_type=\"widget\" data-e-type=\"widget\" data-widget_type=\"heading.default\">\n\t\t\t\t\t<h2 class=\"elementor-heading-title elementor-size-default\">Institut de Waterloo pour la cybers\u00e9curit\u00e9 et la protection de la vie priv\u00e9e<\/h2>\t\t\t\t<\/div>\n\t\t\t\t<div class=\"elementor-element elementor-element-3d99670c elementor-widget elementor-widget-heading\" data-id=\"3d99670c\" data-element_type=\"widget\" data-e-type=\"widget\" data-widget_type=\"heading.default\">\n\t\t\t\t\t<h2 class=\"elementor-heading-title elementor-size-default\">Florian Kerschbaum\n<\/h2>\t\t\t\t<\/div>\n\t\t\t\t<\/div>\n\t\t\t\t<\/div>\n\t\t<div class=\"elementor-element elementor-element-77126903 e-con-full e-flex e-con e-child\" data-id=\"77126903\" data-element_type=\"container\" data-e-type=\"container\">\n\t\t\t\t<div class=\"elementor-element elementor-element-2c9be7bc elementor-icon-list--layout-traditional elementor-list-item-link-full_width elementor-widget elementor-widget-icon-list\" data-id=\"2c9be7bc\" data-element_type=\"widget\" data-e-type=\"widget\" data-widget_type=\"icon-list.default\">\n\t\t\t\t\t\t\t<ul class=\"elementor-icon-list-items\">\n\t\t\t\t\t\t\t<li class=\"elementor-icon-list-item\">\n\t\t\t\t\t\t\t\t\t\t\t<span class=\"elementor-icon-list-icon\">\n\t\t\t\t\t\t\t<svg aria-hidden=\"true\" class=\"e-font-icon-svg e-fas-university\" viewbox=\"0 0 512 512\" xmlns=\"http:\/\/www.w3.org\/2000\/svg\"><path d=\"M496 128v16a8 8 0 0 1-8 8h-24v12c0 6.627-5.373 12-12 12H60c-6.627 0-12-5.373-12-12v-12H24a8 8 0 0 1-8-8v-16a8 8 0 0 1 4.941-7.392l232-88a7.996 7.996 0 0 1 6.118 0l232 88A8 8 0 0 1 496 128zm-24 304H40c-13.255 0-24 10.745-24 24v16a8 8 0 0 0 8 8h464a8 8 0 0 0 8-8v-16c0-13.255-10.745-24-24-24zM96 192v192H60c-6.627 0-12 5.373-12 12v20h416v-20c0-6.627-5.373-12-12-12h-36V192h-64v192h-64V192h-64v192h-64V192H96z\"><\/path><\/svg>\t\t\t\t\t\t<\/span>\n\t\t\t\t\t\t\t\t\t\t<span class=\"elementor-icon-list-text\"> Universit\u00e9 de Waterloo<\/span>\n\t\t\t\t\t\t\t\t\t<\/li>\n\t\t\t\t\t\t<\/ul>\n\t\t\t\t\t\t<\/div>\n\t\t\t\t<div class=\"elementor-element elementor-element-45797c76 elementor-widget-divider--view-line elementor-widget elementor-widget-divider\" data-id=\"45797c76\" data-element_type=\"widget\" data-e-type=\"widget\" data-widget_type=\"divider.default\">\n\t\t\t\t\t\t\t<div class=\"elementor-divider\">\n\t\t\t<span class=\"elementor-divider-separator\">\n\t\t\t\t\t\t<\/span>\n\t\t<\/div>\n\t\t\t\t\t\t<\/div>\n\t\t\t\t<div class=\"elementor-element elementor-element-150b9036 elementor-widget elementor-widget-text-editor\" data-id=\"150b9036\" data-element_type=\"widget\" data-e-type=\"widget\" data-widget_type=\"text-editor.default\">\n\t\t\t\t\t\t\t\t\t<p>Comment prot\u00e9ger vos donn\u00e9es tout en les utilisant ? Les recherches de Florian Kerschbaum visent \u00e0 mettre au point des m\u00e9thodes pour prot\u00e9ger les donn\u00e9es tout en permettant de les traiter efficacement. Par exemple, lorsque vous stockez vos donn\u00e9es dans une base de donn\u00e9es dans le nuage, vous voulez qu'elles soient crypt\u00e9es, mais aussi consultables, capables de faire des jointures, ou agr\u00e9geables sur des groupes. Les recherches de Florian Kerschbaum ont permis de r\u00e9aliser ces applications et d'autres qui traitent les donn\u00e9es sous forme crypt\u00e9e.<\/p><p>Ses contributions vont des sch\u00e9mas de cryptage permettant des requ\u00eates complexes sur des donn\u00e9es crypt\u00e9es, aux techniques fondamentales pour la compilation optimis\u00e9e de calculs s\u00e9curis\u00e9s, en passant par des applications telles que la protection de la vie priv\u00e9e dans les r\u00e9seaux \u00e9lectriques intelligents. Ses recherches ont \u00e9t\u00e9 appliqu\u00e9es \u00e0 des produits commercialis\u00e9s dans le monde entier. Il publie r\u00e9guli\u00e8rement dans des revues universitaires de premier plan et ses \u00e9tudiants ont remport\u00e9 des prix internationaux tels que le prix de dissertation ACM SIGSAC.<\/p><p>Pour ses r\u00e9alisations, il a \u00e9t\u00e9 nomm\u00e9 titulaire de la chaire CRSNG\/RBC sur la s\u00e9curit\u00e9 des donn\u00e9es, a \u00e9t\u00e9 reconnu comme un scientifique \u00e9m\u00e9rite de l'ACM et est le premier directeur de l'Institut de Waterloo pour la cybers\u00e9curit\u00e9 et la protection de la vie priv\u00e9e.<\/p>\t\t\t\t\t\t\t\t<\/div>\n\t\t\t\t<\/div>\n\t\t\t\t<\/div>\n\t\t\t\t\t<\/div>\n\t\t\t\t<\/div>\n\t\t\t\t<\/div>","protected":false},"excerpt":{"rendered":"<p>Waterloo Cybersecurity and Privacy Institute Florian Kerschbaum University of Waterloo How do you protect your data while still using it? Florian Kerschbaum\u2019s research develops methods to protect data, yet still allow it to be processed efficiently. For example, when you store your data in a database in the cloud, you want it encrypted, but also [&hellip;]<\/p>\n","protected":false},"author":76,"featured_media":0,"parent":0,"menu_order":0,"comment_status":"closed","ping_status":"closed","template":"","meta":{"site-sidebar-layout":"no-sidebar","site-content-layout":"page-builder","ast-site-content-layout":"default","site-content-style":"default","site-sidebar-style":"default","ast-global-header-display":"","ast-banner-title-visibility":"","ast-main-header-display":"","ast-hfb-above-header-display":"","ast-hfb-below-header-display":"","ast-hfb-mobile-header-display":"","site-post-title":"disabled","ast-breadcrumbs-content":"","ast-featured-img":"disabled","footer-sml-layout":"","ast-disable-related-posts":"","theme-transparent-header-meta":"","adv-header-id-meta":"","stick-header-meta":"","header-above-stick-meta":"","header-main-stick-meta":"","header-below-stick-meta":"","astra-migrate-meta-layouts":"default","ast-page-background-enabled":"default","ast-page-background-meta":{"desktop":{"background-color":"","background-image":"","background-repeat":"repeat","background-position":"center center","background-size":"auto","background-attachment":"scroll","background-type":"","background-media":"","overlay-type":"","overlay-color":"","overlay-opacity":"","overlay-gradient":""},"tablet":{"background-color":"","background-image":"","background-repeat":"repeat","background-position":"center center","background-size":"auto","background-attachment":"scroll","background-type":"","background-media":"","overlay-type":"","overlay-color":"","overlay-opacity":"","overlay-gradient":""},"mobile":{"background-color":"","background-image":"","background-repeat":"repeat","background-position":"center center","background-size":"auto","background-attachment":"scroll","background-type":"","background-media":"","overlay-type":"","overlay-color":"","overlay-opacity":"","overlay-gradient":""}},"ast-content-background-meta":{"desktop":{"background-color":"var(--ast-global-color-5)","background-image":"","background-repeat":"repeat","background-position":"center center","background-size":"auto","background-attachment":"scroll","background-type":"","background-media":"","overlay-type":"","overlay-color":"","overlay-opacity":"","overlay-gradient":""},"tablet":{"background-color":"var(--ast-global-color-5)","background-image":"","background-repeat":"repeat","background-position":"center center","background-size":"auto","background-attachment":"scroll","background-type":"","background-media":"","overlay-type":"","overlay-color":"","overlay-opacity":"","overlay-gradient":""},"mobile":{"background-color":"var(--ast-global-color-5)","background-image":"","background-repeat":"repeat","background-position":"center center","background-size":"auto","background-attachment":"scroll","background-type":"","background-media":"","overlay-type":"","overlay-color":"","overlay-opacity":"","overlay-gradient":""}},"footnotes":""},"class_list":["post-10169","page","type-page","status-publish","hentry"],"_links":{"self":[{"href":"https:\/\/cscan-infocan.ca\/fr\/wp-json\/wp\/v2\/pages\/10169","targetHints":{"allow":["GET"]}}],"collection":[{"href":"https:\/\/cscan-infocan.ca\/fr\/wp-json\/wp\/v2\/pages"}],"about":[{"href":"https:\/\/cscan-infocan.ca\/fr\/wp-json\/wp\/v2\/types\/page"}],"author":[{"embeddable":true,"href":"https:\/\/cscan-infocan.ca\/fr\/wp-json\/wp\/v2\/users\/76"}],"replies":[{"embeddable":true,"href":"https:\/\/cscan-infocan.ca\/fr\/wp-json\/wp\/v2\/comments?post=10169"}],"version-history":[{"count":3,"href":"https:\/\/cscan-infocan.ca\/fr\/wp-json\/wp\/v2\/pages\/10169\/revisions"}],"predecessor-version":[{"id":24384,"href":"https:\/\/cscan-infocan.ca\/fr\/wp-json\/wp\/v2\/pages\/10169\/revisions\/24384"}],"wp:attachment":[{"href":"https:\/\/cscan-infocan.ca\/fr\/wp-json\/wp\/v2\/media?parent=10169"}],"curies":[{"name":"wp","href":"https:\/\/api.w.org\/{rel}","templated":true}]}}