{"id":10148,"date":"2022-07-02T18:04:10","date_gmt":"2022-07-02T18:04:10","guid":{"rendered":"https:\/\/cscan.webix.ca\/?page_id=10148"},"modified":"2024-12-17T12:14:54","modified_gmt":"2024-12-17T17:14:54","slug":"marc-frappier","status":"publish","type":"page","link":"https:\/\/cscan-infocan.ca\/fr\/marc-frappier\/","title":{"rendered":"Marc Frappier"},"content":{"rendered":"<div data-elementor-type=\"wp-page\" data-elementor-id=\"10148\" class=\"elementor elementor-10148\">\n\t\t\t\t<div class=\"elementor-element elementor-element-327830cc e-flex e-con-boxed e-con e-parent\" data-id=\"327830cc\" data-element_type=\"container\" data-e-type=\"container\">\n\t\t\t\t\t<div class=\"e-con-inner\">\n\t\t<div class=\"elementor-element elementor-element-7bbac8da e-con-full e-flex e-con e-child\" data-id=\"7bbac8da\" data-element_type=\"container\" data-e-type=\"container\" data-settings=\"{&quot;background_background&quot;:&quot;classic&quot;}\">\n\t\t<div class=\"elementor-element elementor-element-415b246a e-con-full e-flex e-con e-child\" data-id=\"415b246a\" data-element_type=\"container\" data-e-type=\"container\" data-settings=\"{&quot;background_background&quot;:&quot;classic&quot;}\">\n\t\t<div class=\"elementor-element elementor-element-2094db6b e-con-full e-flex e-con e-child\" data-id=\"2094db6b\" data-element_type=\"container\" data-e-type=\"container\" data-settings=\"{&quot;background_background&quot;:&quot;classic&quot;}\">\n\t\t\t\t<div class=\"elementor-element elementor-element-6fabcfb0 elementor-widget elementor-widget-heading\" data-id=\"6fabcfb0\" data-element_type=\"widget\" data-e-type=\"widget\" data-widget_type=\"heading.default\">\n\t\t\t\t\t<h2 class=\"elementor-heading-title elementor-size-default\">D\u00e9partement d'informatique<\/h2>\t\t\t\t<\/div>\n\t\t\t\t<div class=\"elementor-element elementor-element-7c96ab38 elementor-widget elementor-widget-heading\" data-id=\"7c96ab38\" data-element_type=\"widget\" data-e-type=\"widget\" data-widget_type=\"heading.default\">\n\t\t\t\t\t<h2 class=\"elementor-heading-title elementor-size-default\">Marc Frappier<\/h2>\t\t\t\t<\/div>\n\t\t\t\t<\/div>\n\t\t\t\t<\/div>\n\t\t<div class=\"elementor-element elementor-element-6a445da2 e-con-full e-flex e-con e-child\" data-id=\"6a445da2\" data-element_type=\"container\" data-e-type=\"container\">\n\t\t\t\t<div class=\"elementor-element elementor-element-48b7c97d elementor-icon-list--layout-traditional elementor-list-item-link-full_width elementor-widget elementor-widget-icon-list\" data-id=\"48b7c97d\" data-element_type=\"widget\" data-e-type=\"widget\" data-widget_type=\"icon-list.default\">\n\t\t\t\t\t\t\t<ul class=\"elementor-icon-list-items\">\n\t\t\t\t\t\t\t<li class=\"elementor-icon-list-item\">\n\t\t\t\t\t\t\t\t\t\t\t<span class=\"elementor-icon-list-icon\">\n\t\t\t\t\t\t\t<svg aria-hidden=\"true\" class=\"e-font-icon-svg e-fas-university\" viewbox=\"0 0 512 512\" xmlns=\"http:\/\/www.w3.org\/2000\/svg\"><path d=\"M496 128v16a8 8 0 0 1-8 8h-24v12c0 6.627-5.373 12-12 12H60c-6.627 0-12-5.373-12-12v-12H24a8 8 0 0 1-8-8v-16a8 8 0 0 1 4.941-7.392l232-88a7.996 7.996 0 0 1 6.118 0l232 88A8 8 0 0 1 496 128zm-24 304H40c-13.255 0-24 10.745-24 24v16a8 8 0 0 0 8 8h464a8 8 0 0 0 8-8v-16c0-13.255-10.745-24-24-24zM96 192v192H60c-6.627 0-12 5.373-12 12v20h416v-20c0-6.627-5.373-12-12-12h-36V192h-64v192h-64V192h-64v192h-64V192H96z\"><\/path><\/svg>\t\t\t\t\t\t<\/span>\n\t\t\t\t\t\t\t\t\t\t<span class=\"elementor-icon-list-text\">Universit\u00e9 de Sherbrooke<\/span>\n\t\t\t\t\t\t\t\t\t<\/li>\n\t\t\t\t\t\t<\/ul>\n\t\t\t\t\t\t<\/div>\n\t\t\t\t<div class=\"elementor-element elementor-element-743310bb elementor-widget-divider--view-line elementor-widget elementor-widget-divider\" data-id=\"743310bb\" data-element_type=\"widget\" data-e-type=\"widget\" data-widget_type=\"divider.default\">\n\t\t\t\t\t\t\t<div class=\"elementor-divider\">\n\t\t\t<span class=\"elementor-divider-separator\">\n\t\t\t\t\t\t<\/span>\n\t\t<\/div>\n\t\t\t\t\t\t<\/div>\n\t\t\t\t<div class=\"elementor-element elementor-element-4e69afd9 elementor-widget elementor-widget-text-editor\" data-id=\"4e69afd9\" data-element_type=\"widget\" data-e-type=\"widget\" data-widget_type=\"text-editor.default\">\n\t\t\t\t\t\t\t\t\t<p>Le premier prix pour services distingu\u00e9s est d\u00e9cern\u00e9 \u00e0 Marc Frappier en reconnaissance du travail exceptionnel qu'il a accompli en repr\u00e9sentant CS-Can|Info-Can, et la communaut\u00e9 informatique dans son ensemble, en s'effor\u00e7ant d'exprimer ses pr\u00e9occupations au sujet du projet de loi n\u00b0 29 (PL-29) dans la province de Qu\u00e9bec.  Le projet de loi n\u00b0 29, pr\u00e9sent\u00e9 en juin 2019, proposait de modifier la Loi sur les ing\u00e9nieurs et soulevait des pr\u00e9occupations majeures pour de nombreux intervenants en TI dans la province.<\/p><p>Le professeur Frappier a jou\u00e9 un r\u00f4le de premier plan dans la formation de la Coalition pour l'avenir de l'informatique.  Cette coalition a \u00e9t\u00e9 cr\u00e9\u00e9e pour exprimer d'une seule voix les pr\u00e9occupations importantes de la communaut\u00e9 informatique \u00e0 l'\u00e9gard des dispositions du projet de loi et pour inviter le gouvernement du Qu\u00e9bec \u00e0 prendre en consid\u00e9ration ses recommandations.<\/p><p>Le leadership de Marc dans ce dossier a permis au gouvernement du Qu\u00e9bec de prendre en compte les int\u00e9r\u00eats de l'industrie et des universitaires de la province dans les domaines de l'informatique et de l'intelligence artificielle, ainsi que l'impact potentiellement n\u00e9gatif du projet de loi sur la libre pratique de ces domaines, qui sont cruciaux pour les \u00e9conomies qu\u00e9b\u00e9coise et canadienne.<\/p><p>Marc Frappier est professeur de g\u00e9nie logiciel au d\u00e9partement d'informatique de l'Universit\u00e9 de Sherbrooke. Il est titulaire d'un doctorat en informatique de l'Universit\u00e9 d'Ottawa (1995) et ses recherches portent sur la sp\u00e9cification formelle, la synth\u00e8se et la construction de logiciels et leur application \u00e0 la s\u00e9curit\u00e9 et aux tests bas\u00e9s sur des mod\u00e8les. Marc a publi\u00e9 plus d'une centaine d'articles dans des revues et des conf\u00e9rences internationales, et il a codirig\u00e9 deux livres. Avant de se joindre \u00e0 l'Universit\u00e9 de Sherbrooke, il a travaill\u00e9 pendant plus de cinq ans dans l'industrie \u00e0 titre de consultant, d'analyste principal et de gestionnaire de projet pour plusieurs entreprises. Ses activit\u00e9s industrielles l'ont amen\u00e9 \u00e0 travailler dans divers domaines, dont le secteur manufacturier (Alcan et Cascades), le secteur bancaire (Banque Royale du Canada, Banque Nationale du Canada, BFD\/\u00c6BIS), le secteur pharmaceutique (Merck Frosst), le secteur a\u00e9rospatial (Agence spatiale canadienne) et le secteur des t\u00e9l\u00e9communications (Nortel).<\/p>\t\t\t\t\t\t\t\t<\/div>\n\t\t\t\t<\/div>\n\t\t\t\t<\/div>\n\t\t\t\t\t<\/div>\n\t\t\t\t<\/div>\n\t\t\t\t<\/div>","protected":false},"excerpt":{"rendered":"<p>Department of Computer Science Marc Frappier Universit\u00e9 de Sherbrooke The inaugural Distinguished Service Award is presented to Marc Frappier to recognize his exceptional work in representing CS-Can|Info-Can, and the computer science community as a whole, in working to voice concerns about Bill n\u00b0 29 (PL-29) in the Province of Quebec.\u00a0 Bill n\u00b0 29, which was [&hellip;]<\/p>\n","protected":false},"author":76,"featured_media":0,"parent":0,"menu_order":0,"comment_status":"closed","ping_status":"closed","template":"","meta":{"site-sidebar-layout":"no-sidebar","site-content-layout":"page-builder","ast-site-content-layout":"default","site-content-style":"default","site-sidebar-style":"default","ast-global-header-display":"","ast-banner-title-visibility":"","ast-main-header-display":"","ast-hfb-above-header-display":"","ast-hfb-below-header-display":"","ast-hfb-mobile-header-display":"","site-post-title":"disabled","ast-breadcrumbs-content":"","ast-featured-img":"disabled","footer-sml-layout":"","ast-disable-related-posts":"","theme-transparent-header-meta":"","adv-header-id-meta":"","stick-header-meta":"","header-above-stick-meta":"","header-main-stick-meta":"","header-below-stick-meta":"","astra-migrate-meta-layouts":"default","ast-page-background-enabled":"default","ast-page-background-meta":{"desktop":{"background-color":"","background-image":"","background-repeat":"repeat","background-position":"center center","background-size":"auto","background-attachment":"scroll","background-type":"","background-media":"","overlay-type":"","overlay-color":"","overlay-opacity":"","overlay-gradient":""},"tablet":{"background-color":"","background-image":"","background-repeat":"repeat","background-position":"center center","background-size":"auto","background-attachment":"scroll","background-type":"","background-media":"","overlay-type":"","overlay-color":"","overlay-opacity":"","overlay-gradient":""},"mobile":{"background-color":"","background-image":"","background-repeat":"repeat","background-position":"center center","background-size":"auto","background-attachment":"scroll","background-type":"","background-media":"","overlay-type":"","overlay-color":"","overlay-opacity":"","overlay-gradient":""}},"ast-content-background-meta":{"desktop":{"background-color":"var(--ast-global-color-5)","background-image":"","background-repeat":"repeat","background-position":"center center","background-size":"auto","background-attachment":"scroll","background-type":"","background-media":"","overlay-type":"","overlay-color":"","overlay-opacity":"","overlay-gradient":""},"tablet":{"background-color":"var(--ast-global-color-5)","background-image":"","background-repeat":"repeat","background-position":"center center","background-size":"auto","background-attachment":"scroll","background-type":"","background-media":"","overlay-type":"","overlay-color":"","overlay-opacity":"","overlay-gradient":""},"mobile":{"background-color":"var(--ast-global-color-5)","background-image":"","background-repeat":"repeat","background-position":"center center","background-size":"auto","background-attachment":"scroll","background-type":"","background-media":"","overlay-type":"","overlay-color":"","overlay-opacity":"","overlay-gradient":""}},"footnotes":""},"class_list":["post-10148","page","type-page","status-publish","hentry"],"_links":{"self":[{"href":"https:\/\/cscan-infocan.ca\/fr\/wp-json\/wp\/v2\/pages\/10148","targetHints":{"allow":["GET"]}}],"collection":[{"href":"https:\/\/cscan-infocan.ca\/fr\/wp-json\/wp\/v2\/pages"}],"about":[{"href":"https:\/\/cscan-infocan.ca\/fr\/wp-json\/wp\/v2\/types\/page"}],"author":[{"embeddable":true,"href":"https:\/\/cscan-infocan.ca\/fr\/wp-json\/wp\/v2\/users\/76"}],"replies":[{"embeddable":true,"href":"https:\/\/cscan-infocan.ca\/fr\/wp-json\/wp\/v2\/comments?post=10148"}],"version-history":[{"count":3,"href":"https:\/\/cscan-infocan.ca\/fr\/wp-json\/wp\/v2\/pages\/10148\/revisions"}],"predecessor-version":[{"id":24560,"href":"https:\/\/cscan-infocan.ca\/fr\/wp-json\/wp\/v2\/pages\/10148\/revisions\/24560"}],"wp:attachment":[{"href":"https:\/\/cscan-infocan.ca\/fr\/wp-json\/wp\/v2\/media?parent=10148"}],"curies":[{"name":"wp","href":"https:\/\/api.w.org\/{rel}","templated":true}]}}