{"id":10091,"date":"2022-07-02T17:40:51","date_gmt":"2022-07-02T17:40:51","guid":{"rendered":"https:\/\/cscan.webix.ca\/?page_id=10091"},"modified":"2024-12-17T12:34:16","modified_gmt":"2024-12-17T17:34:16","slug":"mike-schaekermann","status":"publish","type":"page","link":"https:\/\/cscan-infocan.ca\/fr\/mike-schaekermann\/","title":{"rendered":"Mike Schaekermann"},"content":{"rendered":"<div data-elementor-type=\"wp-page\" data-elementor-id=\"10091\" class=\"elementor elementor-10091\">\n\t\t\t\t<div class=\"elementor-element elementor-element-5e2f09cc e-flex e-con-boxed e-con e-parent\" data-id=\"5e2f09cc\" data-element_type=\"container\" data-e-type=\"container\">\n\t\t\t\t\t<div class=\"e-con-inner\">\n\t\t<div class=\"elementor-element elementor-element-67451c20 e-con-full e-flex e-con e-child\" data-id=\"67451c20\" data-element_type=\"container\" data-e-type=\"container\" data-settings=\"{&quot;background_background&quot;:&quot;classic&quot;}\">\n\t\t<div class=\"elementor-element elementor-element-53c19178 e-con-full e-flex e-con e-child\" data-id=\"53c19178\" data-element_type=\"container\" data-e-type=\"container\" data-settings=\"{&quot;background_background&quot;:&quot;classic&quot;}\">\n\t\t<div class=\"elementor-element elementor-element-477df554 e-con-full e-flex e-con e-child\" data-id=\"477df554\" data-element_type=\"container\" data-e-type=\"container\" data-settings=\"{&quot;background_background&quot;:&quot;classic&quot;}\">\n\t\t\t\t<div class=\"elementor-element elementor-element-6e88775e elementor-widget elementor-widget-heading\" data-id=\"6e88775e\" data-element_type=\"widget\" data-e-type=\"widget\" data-widget_type=\"heading.default\">\n\t\t\t\t\t<h2 class=\"elementor-heading-title elementor-size-default\">\u00c9cole d'informatique David R. Cheriton<\/h2>\t\t\t\t<\/div>\n\t\t\t\t<div class=\"elementor-element elementor-element-96fdbd7 elementor-widget elementor-widget-heading\" data-id=\"96fdbd7\" data-element_type=\"widget\" data-e-type=\"widget\" data-widget_type=\"heading.default\">\n\t\t\t\t\t<h2 class=\"elementor-heading-title elementor-size-default\">Mike Schaekermann<\/h2>\t\t\t\t<\/div>\n\t\t\t\t<\/div>\n\t\t\t\t<\/div>\n\t\t<div class=\"elementor-element elementor-element-342bd3ac e-con-full e-flex e-con e-child\" data-id=\"342bd3ac\" data-element_type=\"container\" data-e-type=\"container\">\n\t\t\t\t<div class=\"elementor-element elementor-element-6ddd6a2e elementor-icon-list--layout-traditional elementor-list-item-link-full_width elementor-widget elementor-widget-icon-list\" data-id=\"6ddd6a2e\" data-element_type=\"widget\" data-e-type=\"widget\" data-widget_type=\"icon-list.default\">\n\t\t\t\t\t\t\t<ul class=\"elementor-icon-list-items\">\n\t\t\t\t\t\t\t<li class=\"elementor-icon-list-item\">\n\t\t\t\t\t\t\t\t\t\t\t<span class=\"elementor-icon-list-icon\">\n\t\t\t\t\t\t\t<svg aria-hidden=\"true\" class=\"e-font-icon-svg e-fas-university\" viewbox=\"0 0 512 512\" xmlns=\"http:\/\/www.w3.org\/2000\/svg\"><path d=\"M496 128v16a8 8 0 0 1-8 8h-24v12c0 6.627-5.373 12-12 12H60c-6.627 0-12-5.373-12-12v-12H24a8 8 0 0 1-8-8v-16a8 8 0 0 1 4.941-7.392l232-88a7.996 7.996 0 0 1 6.118 0l232 88A8 8 0 0 1 496 128zm-24 304H40c-13.255 0-24 10.745-24 24v16a8 8 0 0 0 8 8h464a8 8 0 0 0 8-8v-16c0-13.255-10.745-24-24-24zM96 192v192H60c-6.627 0-12 5.373-12 12v20h416v-20c0-6.627-5.373-12-12-12h-36V192h-64v192h-64V192h-64v192h-64V192H96z\"><\/path><\/svg>\t\t\t\t\t\t<\/span>\n\t\t\t\t\t\t\t\t\t\t<span class=\"elementor-icon-list-text\">L'Universit\u00e9 de Waterloo<\/span>\n\t\t\t\t\t\t\t\t\t<\/li>\n\t\t\t\t\t\t<\/ul>\n\t\t\t\t\t\t<\/div>\n\t\t\t\t<div class=\"elementor-element elementor-element-4cbb5e33 elementor-widget-divider--view-line elementor-widget elementor-widget-divider\" data-id=\"4cbb5e33\" data-element_type=\"widget\" data-e-type=\"widget\" data-widget_type=\"divider.default\">\n\t\t\t\t\t\t\t<div class=\"elementor-divider\">\n\t\t\t<span class=\"elementor-divider-separator\">\n\t\t\t\t\t\t<\/span>\n\t\t<\/div>\n\t\t\t\t\t\t<\/div>\n\t\t\t\t<div class=\"elementor-element elementor-element-3c8e3225 elementor-widget elementor-widget-text-editor\" data-id=\"3c8e3225\" data-element_type=\"widget\" data-e-type=\"widget\" data-widget_type=\"text-editor.default\">\n\t\t\t\t\t\t\t\t\t<p><em>Interaction entre l'homme et l'IA en pr\u00e9sence d'ambigu\u00eft\u00e9 : De l'\u00e9tiquetage bas\u00e9 sur la d\u00e9lib\u00e9ration \u00e0 l'IA consciente de l'ambigu\u00eft\u00e9<\/em><\/p><p>L'ambigu\u00eft\u00e9, la qualit\u00e9 d'\u00eatre ouvert \u00e0 plus d'une interpr\u00e9tation, est omnipr\u00e9sente dans nos vies. Elle se pr\u00e9sente sous diff\u00e9rentes formes, notamment l'ambigu\u00eft\u00e9 linguistique et visuelle, survient pour diverses raisons et donne lieu \u00e0 des d\u00e9saccords entre observateurs humains qui peuvent \u00eatre difficiles, voire impossibles, \u00e0 r\u00e9soudre. L'intelligence artificielle (IA) \u00e9tant de plus en plus pr\u00e9sente dans les domaines complexes de la prise de d\u00e9cision humaine, il est essentiel que les m\u00e9canismes sous-jacents de l'IA prennent \u00e9galement en charge la notion d'ambigu\u00eft\u00e9. Pourtant, les approches existantes de l'IA supposent g\u00e9n\u00e9ralement qu'il existe une seule r\u00e9ponse correcte pour toute entr\u00e9e donn\u00e9e, sans m\u00e9canismes permettant d'int\u00e9grer diverses perspectives humaines dans diverses parties du pipeline de l'IA, y compris l'\u00e9tiquetage des donn\u00e9es, le d\u00e9veloppement de mod\u00e8les et la conception de l'interface utilisateur.<\/p><p>Cette th\u00e8se vise \u00e0 \u00e9clairer la question de savoir comment les humains et l'IA peuvent \u00eatre des partenaires efficaces en pr\u00e9sence de probl\u00e8mes ambigus.<\/p><p>Les directeurs de th\u00e8se de Mike \u00e9taient Edith Law et Kate Larson.<\/p><p>Les recherches de Mike Schaekermann se situent \u00e0 l'intersection de l'interaction homme-machine, de l'apprentissage automatique et de la m\u00e9decine.  Il travaille actuellement comme chercheur appliqu\u00e9 chez Amazon Web Services (AWS).<\/p>\t\t\t\t\t\t\t\t<\/div>\n\t\t\t\t<\/div>\n\t\t\t\t<\/div>\n\t\t\t\t\t<\/div>\n\t\t\t\t<\/div>\n\t\t\t\t<\/div>","protected":false},"excerpt":{"rendered":"<p>David R. Cheriton School of Computer Science Mike Schaekermann The University of Waterloo Human-AI Interaction in the Presence of Ambiguity: From Deliberation-based Labeling to Ambiguity-aware AI Ambiguity, the quality of being open to more than one interpretation, permeates our lives. It comes in different forms including linguistic and visual ambiguity, arises for various reasons and [&hellip;]<\/p>\n","protected":false},"author":76,"featured_media":0,"parent":0,"menu_order":0,"comment_status":"closed","ping_status":"closed","template":"","meta":{"site-sidebar-layout":"no-sidebar","site-content-layout":"page-builder","ast-site-content-layout":"default","site-content-style":"default","site-sidebar-style":"default","ast-global-header-display":"","ast-banner-title-visibility":"","ast-main-header-display":"","ast-hfb-above-header-display":"","ast-hfb-below-header-display":"","ast-hfb-mobile-header-display":"","site-post-title":"disabled","ast-breadcrumbs-content":"","ast-featured-img":"disabled","footer-sml-layout":"","ast-disable-related-posts":"","theme-transparent-header-meta":"","adv-header-id-meta":"","stick-header-meta":"","header-above-stick-meta":"","header-main-stick-meta":"","header-below-stick-meta":"","astra-migrate-meta-layouts":"default","ast-page-background-enabled":"default","ast-page-background-meta":{"desktop":{"background-color":"","background-image":"","background-repeat":"repeat","background-position":"center center","background-size":"auto","background-attachment":"scroll","background-type":"","background-media":"","overlay-type":"","overlay-color":"","overlay-opacity":"","overlay-gradient":""},"tablet":{"background-color":"","background-image":"","background-repeat":"repeat","background-position":"center center","background-size":"auto","background-attachment":"scroll","background-type":"","background-media":"","overlay-type":"","overlay-color":"","overlay-opacity":"","overlay-gradient":""},"mobile":{"background-color":"","background-image":"","background-repeat":"repeat","background-position":"center center","background-size":"auto","background-attachment":"scroll","background-type":"","background-media":"","overlay-type":"","overlay-color":"","overlay-opacity":"","overlay-gradient":""}},"ast-content-background-meta":{"desktop":{"background-color":"var(--ast-global-color-5)","background-image":"","background-repeat":"repeat","background-position":"center center","background-size":"auto","background-attachment":"scroll","background-type":"","background-media":"","overlay-type":"","overlay-color":"","overlay-opacity":"","overlay-gradient":""},"tablet":{"background-color":"var(--ast-global-color-5)","background-image":"","background-repeat":"repeat","background-position":"center center","background-size":"auto","background-attachment":"scroll","background-type":"","background-media":"","overlay-type":"","overlay-color":"","overlay-opacity":"","overlay-gradient":""},"mobile":{"background-color":"var(--ast-global-color-5)","background-image":"","background-repeat":"repeat","background-position":"center center","background-size":"auto","background-attachment":"scroll","background-type":"","background-media":"","overlay-type":"","overlay-color":"","overlay-opacity":"","overlay-gradient":""}},"footnotes":""},"class_list":["post-10091","page","type-page","status-publish","hentry"],"_links":{"self":[{"href":"https:\/\/cscan-infocan.ca\/fr\/wp-json\/wp\/v2\/pages\/10091","targetHints":{"allow":["GET"]}}],"collection":[{"href":"https:\/\/cscan-infocan.ca\/fr\/wp-json\/wp\/v2\/pages"}],"about":[{"href":"https:\/\/cscan-infocan.ca\/fr\/wp-json\/wp\/v2\/types\/page"}],"author":[{"embeddable":true,"href":"https:\/\/cscan-infocan.ca\/fr\/wp-json\/wp\/v2\/users\/76"}],"replies":[{"embeddable":true,"href":"https:\/\/cscan-infocan.ca\/fr\/wp-json\/wp\/v2\/comments?post=10091"}],"version-history":[{"count":3,"href":"https:\/\/cscan-infocan.ca\/fr\/wp-json\/wp\/v2\/pages\/10091\/revisions"}],"predecessor-version":[{"id":24588,"href":"https:\/\/cscan-infocan.ca\/fr\/wp-json\/wp\/v2\/pages\/10091\/revisions\/24588"}],"wp:attachment":[{"href":"https:\/\/cscan-infocan.ca\/fr\/wp-json\/wp\/v2\/media?parent=10091"}],"curies":[{"name":"wp","href":"https:\/\/api.w.org\/{rel}","templated":true}]}}