{"id":10082,"date":"2022-07-02T17:19:45","date_gmt":"2022-07-02T17:19:45","guid":{"rendered":"https:\/\/cscan.webix.ca\/?page_id=10082"},"modified":"2024-12-18T09:52:29","modified_gmt":"2024-12-18T14:52:29","slug":"zhen-ming-jack-jiang","status":"publish","type":"page","link":"https:\/\/cscan-infocan.ca\/fr\/zhen-ming-jack-jiang\/","title":{"rendered":"Zhen Ming (Jack) Jiang"},"content":{"rendered":"<div data-elementor-type=\"wp-page\" data-elementor-id=\"10082\" class=\"elementor elementor-10082\">\n\t\t\t\t<div class=\"elementor-element elementor-element-308d6746 e-flex e-con-boxed e-con e-parent\" data-id=\"308d6746\" data-element_type=\"container\" data-e-type=\"container\">\n\t\t\t\t\t<div class=\"e-con-inner\">\n\t\t<div class=\"elementor-element elementor-element-5f6fd39c e-con-full e-flex e-con e-child\" data-id=\"5f6fd39c\" data-element_type=\"container\" data-e-type=\"container\" data-settings=\"{&quot;background_background&quot;:&quot;classic&quot;}\">\n\t\t<div class=\"elementor-element elementor-element-3c76716b e-con-full e-flex e-con e-child\" data-id=\"3c76716b\" data-element_type=\"container\" data-e-type=\"container\" data-settings=\"{&quot;background_background&quot;:&quot;classic&quot;}\">\n\t\t<div class=\"elementor-element elementor-element-22a30503 e-con-full e-flex e-con e-child\" data-id=\"22a30503\" data-element_type=\"container\" data-e-type=\"container\" data-settings=\"{&quot;background_background&quot;:&quot;classic&quot;}\">\n\t\t\t\t<div class=\"elementor-element elementor-element-729c901c elementor-widget elementor-widget-heading\" data-id=\"729c901c\" data-element_type=\"widget\" data-e-type=\"widget\" data-widget_type=\"heading.default\">\n\t\t\t\t\t<h2 class=\"elementor-heading-title elementor-size-default\">Zhen Ming (Jack)\n\n<\/h2>\t\t\t\t<\/div>\n\t\t\t\t<\/div>\n\t\t\t\t<\/div>\n\t\t<div class=\"elementor-element elementor-element-6c5f87fa e-con-full e-flex e-con e-child\" data-id=\"6c5f87fa\" data-element_type=\"container\" data-e-type=\"container\">\n\t\t\t\t<div class=\"elementor-element elementor-element-ecf27eb elementor-icon-list--layout-traditional elementor-list-item-link-full_width elementor-widget elementor-widget-icon-list\" data-id=\"ecf27eb\" data-element_type=\"widget\" data-e-type=\"widget\" data-widget_type=\"icon-list.default\">\n\t\t\t\t\t\t\t<ul class=\"elementor-icon-list-items\">\n\t\t\t\t\t\t\t<li class=\"elementor-icon-list-item\">\n\t\t\t\t\t\t\t\t\t\t\t<span class=\"elementor-icon-list-icon\">\n\t\t\t\t\t\t\t<svg aria-hidden=\"true\" class=\"e-font-icon-svg e-fas-university\" viewbox=\"0 0 512 512\" xmlns=\"http:\/\/www.w3.org\/2000\/svg\"><path d=\"M496 128v16a8 8 0 0 1-8 8h-24v12c0 6.627-5.373 12-12 12H60c-6.627 0-12-5.373-12-12v-12H24a8 8 0 0 1-8-8v-16a8 8 0 0 1 4.941-7.392l232-88a7.996 7.996 0 0 1 6.118 0l232 88A8 8 0 0 1 496 128zm-24 304H40c-13.255 0-24 10.745-24 24v16a8 8 0 0 0 8 8h464a8 8 0 0 0 8-8v-16c0-13.255-10.745-24-24-24zM96 192v192H60c-6.627 0-12 5.373-12 12v20h416v-20c0-6.627-5.373-12-12-12h-36V192h-64v192h-64V192h-64v192h-64V192H96z\"><\/path><\/svg>\t\t\t\t\t\t<\/span>\n\t\t\t\t\t\t\t\t\t\t<span class=\"elementor-icon-list-text\">Universit\u00e9 de York<\/span>\n\t\t\t\t\t\t\t\t\t<\/li>\n\t\t\t\t\t\t<\/ul>\n\t\t\t\t\t\t<\/div>\n\t\t\t\t<div class=\"elementor-element elementor-element-25d5225d elementor-widget-divider--view-line elementor-widget elementor-widget-divider\" data-id=\"25d5225d\" data-element_type=\"widget\" data-e-type=\"widget\" data-widget_type=\"divider.default\">\n\t\t\t\t\t\t\t<div class=\"elementor-divider\">\n\t\t\t<span class=\"elementor-divider-separator\">\n\t\t\t\t\t\t<\/span>\n\t\t<\/div>\n\t\t\t\t\t\t<\/div>\n\t\t\t\t<div class=\"elementor-element elementor-element-54edaa81 elementor-widget elementor-widget-text-editor\" data-id=\"54edaa81\" data-element_type=\"widget\" data-e-type=\"widget\" data-widget_type=\"text-editor.default\">\n\t\t\t\t\t\t\t\t\tZhen Ming (Jack) Jiang est un chercheur prolifique en d\u00e9but de carri\u00e8re dans le domaine du g\u00e9nie logiciel, sp\u00e9cialis\u00e9 dans la maintenance, les essais et l'analyse des logiciels. Au cours de sa carri\u00e8re, il a travaill\u00e9 chez BlackBerry (RIM) et est aujourd'hui professeur associ\u00e9 au d\u00e9partement de g\u00e9nie \u00e9lectrique et d'informatique de l'\u00e9cole d'ing\u00e9nieurs Lassonde de l'universit\u00e9 York.\n\n\n\nIl est un chercheur de premier plan dans les domaines des tests de charge, de l'ing\u00e9nierie de la performance des logiciels et de l'analyse des journaux et des codes d'enregistrement. Bon nombre des techniques qu'il a mises au point sont largement adopt\u00e9es par des entreprises informatiques de premier plan telles que BlackBerry, Alibaba et Baidu. Ses travaux ont \u00e9t\u00e9 r\u00e9compens\u00e9s par cinq prix du meilleur article : (1) le prix du meilleur article \u00e0 l'ICST 2016, (2) le prix 2015 de l'IEEE Software Best Software Engineering in Practice (SEIP) \u00e0 l'ICSE 2015, (3) le prix ACM SIGSOFT Distinguished Paper \u00e0 l'ICSE 2013, (4) le prix du meilleur article \u00e0 la WCRE 2011, et (5) le prix du meilleur article de d\u00e9fi \u00e0 la MSR 2009. Il a publi\u00e9 plus de 60 articles complets dans des revues et des conf\u00e9rences, dont un grand nombre dans les meilleures revues de g\u00e9nie logiciel (par exemple, ICSE, FSE, ASE, TSE et TOSEM). Il a cofond\u00e9 et cr\u00e9\u00e9 la communaut\u00e9 de recherche autour des tests de charge et de l'\u00e9valuation comparative des syst\u00e8mes logiciels (LTB) et a organis\u00e9 plus de 10 ateliers\/conf\u00e9rences de recherche internationaux diff\u00e9rents. Il a re\u00e7u un suppl\u00e9ment d'acc\u00e9l\u00e9ration du CRSNG en raison de ses contributions \u00e0 la recherche et est un membre senior de l'IEEE.\t\t\t\t\t\t\t\t<\/div>\n\t\t\t\t<\/div>\n\t\t\t\t<\/div>\n\t\t\t\t\t<\/div>\n\t\t\t\t<\/div>\n\t\t\t\t<\/div>","protected":false},"excerpt":{"rendered":"<p>Zhen Ming (Jack) York University Dr. Zhen Ming (Jack) Jiang is a prolific early career researcher in the field of software engineering with expertise in software maintenance, software testing and software analysis. His career has encompassed accomplishments at BlackBerry (RIM) and now is an associate professor in the department of electrical engineering and computer science [&hellip;]<\/p>\n","protected":false},"author":76,"featured_media":0,"parent":0,"menu_order":0,"comment_status":"closed","ping_status":"closed","template":"","meta":{"site-sidebar-layout":"default","site-content-layout":"","ast-site-content-layout":"default","site-content-style":"default","site-sidebar-style":"default","ast-global-header-display":"","ast-banner-title-visibility":"","ast-main-header-display":"","ast-hfb-above-header-display":"","ast-hfb-below-header-display":"","ast-hfb-mobile-header-display":"","site-post-title":"disabled","ast-breadcrumbs-content":"","ast-featured-img":"","footer-sml-layout":"","ast-disable-related-posts":"","theme-transparent-header-meta":"","adv-header-id-meta":"","stick-header-meta":"","header-above-stick-meta":"","header-main-stick-meta":"","header-below-stick-meta":"","astra-migrate-meta-layouts":"default","ast-page-background-enabled":"default","ast-page-background-meta":{"desktop":{"background-color":"","background-image":"","background-repeat":"repeat","background-position":"center center","background-size":"auto","background-attachment":"scroll","background-type":"","background-media":"","overlay-type":"","overlay-color":"","overlay-opacity":"","overlay-gradient":""},"tablet":{"background-color":"","background-image":"","background-repeat":"repeat","background-position":"center center","background-size":"auto","background-attachment":"scroll","background-type":"","background-media":"","overlay-type":"","overlay-color":"","overlay-opacity":"","overlay-gradient":""},"mobile":{"background-color":"","background-image":"","background-repeat":"repeat","background-position":"center center","background-size":"auto","background-attachment":"scroll","background-type":"","background-media":"","overlay-type":"","overlay-color":"","overlay-opacity":"","overlay-gradient":""}},"ast-content-background-meta":{"desktop":{"background-color":"var(--ast-global-color-5)","background-image":"","background-repeat":"repeat","background-position":"center center","background-size":"auto","background-attachment":"scroll","background-type":"","background-media":"","overlay-type":"","overlay-color":"","overlay-opacity":"","overlay-gradient":""},"tablet":{"background-color":"var(--ast-global-color-5)","background-image":"","background-repeat":"repeat","background-position":"center center","background-size":"auto","background-attachment":"scroll","background-type":"","background-media":"","overlay-type":"","overlay-color":"","overlay-opacity":"","overlay-gradient":""},"mobile":{"background-color":"var(--ast-global-color-5)","background-image":"","background-repeat":"repeat","background-position":"center center","background-size":"auto","background-attachment":"scroll","background-type":"","background-media":"","overlay-type":"","overlay-color":"","overlay-opacity":"","overlay-gradient":""}},"footnotes":""},"class_list":["post-10082","page","type-page","status-publish","hentry"],"_links":{"self":[{"href":"https:\/\/cscan-infocan.ca\/fr\/wp-json\/wp\/v2\/pages\/10082","targetHints":{"allow":["GET"]}}],"collection":[{"href":"https:\/\/cscan-infocan.ca\/fr\/wp-json\/wp\/v2\/pages"}],"about":[{"href":"https:\/\/cscan-infocan.ca\/fr\/wp-json\/wp\/v2\/types\/page"}],"author":[{"embeddable":true,"href":"https:\/\/cscan-infocan.ca\/fr\/wp-json\/wp\/v2\/users\/76"}],"replies":[{"embeddable":true,"href":"https:\/\/cscan-infocan.ca\/fr\/wp-json\/wp\/v2\/comments?post=10082"}],"version-history":[{"count":3,"href":"https:\/\/cscan-infocan.ca\/fr\/wp-json\/wp\/v2\/pages\/10082\/revisions"}],"predecessor-version":[{"id":24753,"href":"https:\/\/cscan-infocan.ca\/fr\/wp-json\/wp\/v2\/pages\/10082\/revisions\/24753"}],"wp:attachment":[{"href":"https:\/\/cscan-infocan.ca\/fr\/wp-json\/wp\/v2\/media?parent=10082"}],"curies":[{"name":"wp","href":"https:\/\/api.w.org\/{rel}","templated":true}]}}