{"id":10046,"date":"2022-07-02T16:58:26","date_gmt":"2022-07-02T16:58:26","guid":{"rendered":"https:\/\/cscan.webix.ca\/?page_id=10046"},"modified":"2024-12-17T11:30:54","modified_gmt":"2024-12-17T16:30:54","slug":"john-tsotsos","status":"publish","type":"page","link":"https:\/\/cscan-infocan.ca\/fr\/john-tsotsos\/","title":{"rendered":"John Tsotsos"},"content":{"rendered":"<div data-elementor-type=\"wp-page\" data-elementor-id=\"10046\" class=\"elementor elementor-10046\">\n\t\t\t\t<div class=\"elementor-element elementor-element-1fa010f2 e-flex e-con-boxed e-con e-parent\" data-id=\"1fa010f2\" data-element_type=\"container\" data-e-type=\"container\">\n\t\t\t\t\t<div class=\"e-con-inner\">\n\t\t<div class=\"elementor-element elementor-element-6a6f8942 e-con-full e-flex e-con e-child\" data-id=\"6a6f8942\" data-element_type=\"container\" data-e-type=\"container\" data-settings=\"{&quot;background_background&quot;:&quot;classic&quot;}\">\n\t\t<div class=\"elementor-element elementor-element-38028908 e-con-full e-flex e-con e-child\" data-id=\"38028908\" data-element_type=\"container\" data-e-type=\"container\" data-settings=\"{&quot;background_background&quot;:&quot;classic&quot;}\">\n\t\t<div class=\"elementor-element elementor-element-2c5650de e-con-full e-flex e-con e-child\" data-id=\"2c5650de\" data-element_type=\"container\" data-e-type=\"container\" data-settings=\"{&quot;background_background&quot;:&quot;classic&quot;}\">\n\t\t\t\t<div class=\"elementor-element elementor-element-41f1f5d5 elementor-widget elementor-widget-heading\" data-id=\"41f1f5d5\" data-element_type=\"widget\" data-e-type=\"widget\" data-widget_type=\"heading.default\">\n\t\t\t\t\t<h2 class=\"elementor-heading-title elementor-size-default\">Doctorat en informatique<\/h2>\t\t\t\t<\/div>\n\t\t\t\t<div class=\"elementor-element elementor-element-440c78a9 elementor-widget elementor-widget-heading\" data-id=\"440c78a9\" data-element_type=\"widget\" data-e-type=\"widget\" data-widget_type=\"heading.default\">\n\t\t\t\t\t<h2 class=\"elementor-heading-title elementor-size-default\">John Tsotsos\n<\/h2>\t\t\t\t<\/div>\n\t\t\t\t<\/div>\n\t\t\t\t<\/div>\n\t\t<div class=\"elementor-element elementor-element-755fc5a4 e-con-full e-flex e-con e-child\" data-id=\"755fc5a4\" data-element_type=\"container\" data-e-type=\"container\">\n\t\t\t\t<div class=\"elementor-element elementor-element-323407b3 elementor-icon-list--layout-traditional elementor-list-item-link-full_width elementor-widget elementor-widget-icon-list\" data-id=\"323407b3\" data-element_type=\"widget\" data-e-type=\"widget\" data-widget_type=\"icon-list.default\">\n\t\t\t\t\t\t\t<ul class=\"elementor-icon-list-items\">\n\t\t\t\t\t\t\t<li class=\"elementor-icon-list-item\">\n\t\t\t\t\t\t\t\t\t\t\t<span class=\"elementor-icon-list-icon\">\n\t\t\t\t\t\t\t<svg aria-hidden=\"true\" class=\"e-font-icon-svg e-fas-university\" viewbox=\"0 0 512 512\" xmlns=\"http:\/\/www.w3.org\/2000\/svg\"><path d=\"M496 128v16a8 8 0 0 1-8 8h-24v12c0 6.627-5.373 12-12 12H60c-6.627 0-12-5.373-12-12v-12H24a8 8 0 0 1-8-8v-16a8 8 0 0 1 4.941-7.392l232-88a7.996 7.996 0 0 1 6.118 0l232 88A8 8 0 0 1 496 128zm-24 304H40c-13.255 0-24 10.745-24 24v16a8 8 0 0 0 8 8h464a8 8 0 0 0 8-8v-16c0-13.255-10.745-24-24-24zM96 192v192H60c-6.627 0-12 5.373-12 12v20h416v-20c0-6.627-5.373-12-12-12h-36V192h-64v192h-64V192h-64v192h-64V192H96z\"><\/path><\/svg>\t\t\t\t\t\t<\/span>\n\t\t\t\t\t\t\t\t\t\t<span class=\"elementor-icon-list-text\">Universit\u00e9 de York<\/span>\n\t\t\t\t\t\t\t\t\t<\/li>\n\t\t\t\t\t\t<\/ul>\n\t\t\t\t\t\t<\/div>\n\t\t\t\t<div class=\"elementor-element elementor-element-4ecc3a41 elementor-widget-divider--view-line elementor-widget elementor-widget-divider\" data-id=\"4ecc3a41\" data-element_type=\"widget\" data-e-type=\"widget\" data-widget_type=\"divider.default\">\n\t\t\t\t\t\t\t<div class=\"elementor-divider\">\n\t\t\t<span class=\"elementor-divider-separator\">\n\t\t\t\t\t\t<\/span>\n\t\t<\/div>\n\t\t\t\t\t\t<\/div>\n\t\t\t\t<div class=\"elementor-element elementor-element-6e5c13 elementor-widget elementor-widget-text-editor\" data-id=\"6e5c13\" data-element_type=\"widget\" data-e-type=\"widget\" data-widget_type=\"text-editor.default\">\n\t\t\t\t\t\t\t\t\t<p>John Konstantine Tsotsos a obtenu son baccalaur\u00e9at sp\u00e9cialis\u00e9 en sciences de l'ing\u00e9nieur, sa ma\u00eetrise en informatique et son doctorat en informatique \u00e0 l'universit\u00e9 de Toronto, respectivement en 1974, 1976 et 1980. Il a ensuite rejoint le corps enseignant de l'universit\u00e9 de Toronto dans les d\u00e9partements d'informatique et de m\u00e9decine. En 1980, il a fond\u00e9 le groupe de vision informatique de l'universit\u00e9 de Toronto, qui jouit d'une r\u00e9putation internationale. Il a rejoint l'universit\u00e9 de York en 2000 o\u00f9 il est professeur de recherche distingu\u00e9 en sciences de la vision, tout en restant professeur adjoint \u00e0 l'universit\u00e9 de Toronto dans les d\u00e9partements d'informatique et d'ophtalmologie et de sciences de la vision. Il a dirig\u00e9 le c\u00e9l\u00e8bre Centre for Vision Research de l'Universit\u00e9 York de 2000 \u00e0 2006 et est le directeur fondateur du Centre for Innovation in Computing de l'Universit\u00e9 York \u00e0 Lassonde.<\/p><p>Les recherches de Tsotsos ont toujours port\u00e9 sur la mani\u00e8re dont les images sont trait\u00e9es, comprises et utilis\u00e9es. Il a reconnu tr\u00e8s t\u00f4t l'importance de l'interdisciplinarit\u00e9 dans la recherche en informatique, bien avant qu'elle ne soit largement appr\u00e9ci\u00e9e. L'une de ses principales contributions concerne la compr\u00e9hension des limites du traitement de l'information visuelle. Il a fourni les premiers th\u00e9or\u00e8mes formels concernant la complexit\u00e9 informatique de la vision humaine. Sur la base de ces th\u00e9or\u00e8mes, il a d\u00e9fini une architecture neuronale et une th\u00e9orie de l'attention visuelle humaine appel\u00e9e Selective Tuning (accord s\u00e9lectif), comprenant des pr\u00e9dictions contre-intuitives pour la vision humaine. Ces pr\u00e9dictions ont \u00e9t\u00e9 fortement \u00e9tay\u00e9es exp\u00e9rimentalement, constituant une nouvelle base pour la science de la vision. Par exemple, l'une de ces pr\u00e9dictions, qui allait \u00e0 l'encontre de la pens\u00e9e actuelle, \u00e9tait que l'attention descendante supprimait le contexte interf\u00e9rent local. Cette hypoth\u00e8se est aujourd'hui \u00e9tay\u00e9e par des dizaines d'exp\u00e9riences. La monographie qu'il a publi\u00e9e en 2011 chez MIT Press,\u00a0<em>Une perspective informatique sur l'attention visuelle<\/em><strong>,<\/strong>\u00a0d\u00e9taille sa th\u00e9orie. Avec son laboratoire, il a examin\u00e9 de nombreux aspects du traitement attentionnel chez les machines et les humains, et c'est pour cet ensemble de travaux qu'il est le plus connu au niveau international. Son laboratoire est \u00e9galement reconnu comme un pionnier de la reconnaissance active d'objets et de la recherche visuelle. Ces deux domaines de recherche ont donn\u00e9 lieu \u00e0 des r\u00e9alisations sur des robots pratiques, notamment un projet pr\u00e9coce de fauteuil roulant autonome pour enfants appel\u00e9 PLAYBOT. Dans l'ensemble, ses contributions fondamentales \u00e0 la vision computationnelle couvrent les repr\u00e9sentations visuelles pr\u00e9coces et interm\u00e9diaires, la complexit\u00e9 computationnelle de la perception, l'attention visuelle, la perception active robotique et l'analyse d'images m\u00e9dicales, en particulier dans le domaine de la cardiologie.<\/p><p>Tsotsos a form\u00e9 l'avenir des chercheurs canadiens en vision artificielle et en robotique.  Ses stagiaires ont poursuivi leur propre carri\u00e8re de chercheur ou ont fond\u00e9 des entreprises prosp\u00e8res, et nombre d'entre eux occupent des postes de direction dans les universit\u00e9s et l'industrie, au niveau national et international.<\/p><p>Son int\u00e9r\u00eat pour l'informatique appliqu\u00e9e est omnipr\u00e9sent dans sa carri\u00e8re. Il est co-inventeur de 4 brevets, a re\u00e7u le CITO Innovation Award for Leadership in Product Development en 1997 et a co-fond\u00e9 5 entreprises. Il a \u00e9t\u00e9 chercheur invit\u00e9 au Centre d'\u00e9tudes avanc\u00e9es d'IBM pendant plusieurs ann\u00e9es.<\/p><p>Il a si\u00e9g\u00e9 au comit\u00e9 de r\u00e9daction de plusieurs revues de premier plan et de mandats divers, couvrant l'intelligence artificielle, la vision par ordinateur, la vision humaine, la cognition et les applications en m\u00e9decine. Il a fait partie des comit\u00e9s d'organisation de plus de 100 ateliers et conf\u00e9rences, et a notamment assur\u00e9 la pr\u00e9sidence g\u00e9n\u00e9rale de la conf\u00e9rence la plus prestigieuse dans le domaine de la vision par ordinateur, l'International Conference on Computer Vision, en 1999.<\/p><p>Il a \u00e9galement re\u00e7u d'autres distinctions : Boursier de la Fondation canadienne du c\u0153ur 1981-1984 ; membre du programme d'intelligence artificielle et de robotique de l'Institut canadien des recherches avanc\u00e9es 1985-1995 ; chaire de recherche du Canada de niveau I en vision artificielle 2003-2024 ; membre de la Soci\u00e9t\u00e9 royale du Canada, 2010 ; membre de l'IEEE, 2018 ; prix d'excellence en recherche et de service de la Soci\u00e9t\u00e9 canadienne de traitement d'images et de reconnaissance des formes, 2006 ; 1er prix d'excellence en recherche du pr\u00e9sident de l'Universit\u00e9 York, 2009 ; Geoffrey J. Burton Memorial Lectureship en 2011 de l'Applied Vision Association du Royaume-Uni pour sa contribution significative \u00e0 la science de la vision ; m\u00e9daille Sir John William Dawson de la Soci\u00e9t\u00e9 royale du Canada en 2015 pour l'excellence soutenue dans la recherche multidisciplinaire, le premier informaticien ainsi honor\u00e9 ; et 10 reconnaissances pour des articles de conf\u00e9rence.<\/p><p>Les stagiaires de Tsotsos ont c\u00e9l\u00e9br\u00e9 son 65e anniversaire avec une Festschrift verbale et un banquet en mai 2018 avec plus de 100 participants et une journ\u00e9e d'excellentes pr\u00e9sentations (<a role=\"link\" href=\"http:\/\/jtl.lassonde.yorku.ca\/2018\/08\/jkt65-celebration\/\">http:\/\/jtl.lassonde.yorku.ca\/2018\/08\/jkt65-celebration\/<\/a>).<\/p>\t\t\t\t\t\t\t\t<\/div>\n\t\t\t\t<\/div>\n\t\t\t\t<\/div>\n\t\t\t\t\t<\/div>\n\t\t\t\t<\/div>\n\t\t\t\t<\/div>","protected":false},"excerpt":{"rendered":"<p>PhD in Computer Science John Tsotsos York University John Konstantine Tsotsos received his Hons. BASc in Engineering Science, MSc in Computer Science and PhD in Computer Science all from the University of Toronto in 1974, 1976 and 1980 respectively. He then joined the University of Toronto on faculty in both Departments of Computer Science and [&hellip;]<\/p>\n","protected":false},"author":76,"featured_media":0,"parent":0,"menu_order":0,"comment_status":"closed","ping_status":"closed","template":"","meta":{"site-sidebar-layout":"no-sidebar","site-content-layout":"page-builder","ast-site-content-layout":"default","site-content-style":"default","site-sidebar-style":"default","ast-global-header-display":"","ast-banner-title-visibility":"","ast-main-header-display":"","ast-hfb-above-header-display":"","ast-hfb-below-header-display":"","ast-hfb-mobile-header-display":"","site-post-title":"disabled","ast-breadcrumbs-content":"","ast-featured-img":"disabled","footer-sml-layout":"","ast-disable-related-posts":"","theme-transparent-header-meta":"","adv-header-id-meta":"","stick-header-meta":"","header-above-stick-meta":"","header-main-stick-meta":"","header-below-stick-meta":"","astra-migrate-meta-layouts":"default","ast-page-background-enabled":"default","ast-page-background-meta":{"desktop":{"background-color":"","background-image":"","background-repeat":"repeat","background-position":"center center","background-size":"auto","background-attachment":"scroll","background-type":"","background-media":"","overlay-type":"","overlay-color":"","overlay-opacity":"","overlay-gradient":""},"tablet":{"background-color":"","background-image":"","background-repeat":"repeat","background-position":"center center","background-size":"auto","background-attachment":"scroll","background-type":"","background-media":"","overlay-type":"","overlay-color":"","overlay-opacity":"","overlay-gradient":""},"mobile":{"background-color":"","background-image":"","background-repeat":"repeat","background-position":"center center","background-size":"auto","background-attachment":"scroll","background-type":"","background-media":"","overlay-type":"","overlay-color":"","overlay-opacity":"","overlay-gradient":""}},"ast-content-background-meta":{"desktop":{"background-color":"var(--ast-global-color-5)","background-image":"","background-repeat":"repeat","background-position":"center center","background-size":"auto","background-attachment":"scroll","background-type":"","background-media":"","overlay-type":"","overlay-color":"","overlay-opacity":"","overlay-gradient":""},"tablet":{"background-color":"var(--ast-global-color-5)","background-image":"","background-repeat":"repeat","background-position":"center center","background-size":"auto","background-attachment":"scroll","background-type":"","background-media":"","overlay-type":"","overlay-color":"","overlay-opacity":"","overlay-gradient":""},"mobile":{"background-color":"var(--ast-global-color-5)","background-image":"","background-repeat":"repeat","background-position":"center center","background-size":"auto","background-attachment":"scroll","background-type":"","background-media":"","overlay-type":"","overlay-color":"","overlay-opacity":"","overlay-gradient":""}},"footnotes":""},"class_list":["post-10046","page","type-page","status-publish","hentry"],"_links":{"self":[{"href":"https:\/\/cscan-infocan.ca\/fr\/wp-json\/wp\/v2\/pages\/10046","targetHints":{"allow":["GET"]}}],"collection":[{"href":"https:\/\/cscan-infocan.ca\/fr\/wp-json\/wp\/v2\/pages"}],"about":[{"href":"https:\/\/cscan-infocan.ca\/fr\/wp-json\/wp\/v2\/types\/page"}],"author":[{"embeddable":true,"href":"https:\/\/cscan-infocan.ca\/fr\/wp-json\/wp\/v2\/users\/76"}],"replies":[{"embeddable":true,"href":"https:\/\/cscan-infocan.ca\/fr\/wp-json\/wp\/v2\/comments?post=10046"}],"version-history":[{"count":3,"href":"https:\/\/cscan-infocan.ca\/fr\/wp-json\/wp\/v2\/pages\/10046\/revisions"}],"predecessor-version":[{"id":24495,"href":"https:\/\/cscan-infocan.ca\/fr\/wp-json\/wp\/v2\/pages\/10046\/revisions\/24495"}],"wp:attachment":[{"href":"https:\/\/cscan-infocan.ca\/fr\/wp-json\/wp\/v2\/media?parent=10046"}],"curies":[{"name":"wp","href":"https:\/\/api.w.org\/{rel}","templated":true}]}}