{"id":10039,"date":"2022-07-02T16:57:04","date_gmt":"2022-07-02T16:57:04","guid":{"rendered":"https:\/\/cscan.webix.ca\/?page_id=10039"},"modified":"2024-12-17T11:32:58","modified_gmt":"2024-12-17T16:32:58","slug":"jonathan-schaeffer","status":"publish","type":"page","link":"https:\/\/cscan-infocan.ca\/fr\/jonathan-schaeffer\/","title":{"rendered":"Jonathan Schaeffer"},"content":{"rendered":"<div data-elementor-type=\"wp-page\" data-elementor-id=\"10039\" class=\"elementor elementor-10039\">\n\t\t\t\t<div class=\"elementor-element elementor-element-6e96815a e-flex e-con-boxed e-con e-parent\" data-id=\"6e96815a\" data-element_type=\"container\" data-e-type=\"container\">\n\t\t\t\t\t<div class=\"e-con-inner\">\n\t\t<div class=\"elementor-element elementor-element-75196095 e-con-full e-flex e-con e-child\" data-id=\"75196095\" data-element_type=\"container\" data-e-type=\"container\" data-settings=\"{&quot;background_background&quot;:&quot;classic&quot;}\">\n\t\t<div class=\"elementor-element elementor-element-2644be1 e-con-full e-flex e-con e-child\" data-id=\"2644be1\" data-element_type=\"container\" data-e-type=\"container\" data-settings=\"{&quot;background_background&quot;:&quot;classic&quot;}\">\n\t\t<div class=\"elementor-element elementor-element-26999394 e-con-full e-flex e-con e-child\" data-id=\"26999394\" data-element_type=\"container\" data-e-type=\"container\" data-settings=\"{&quot;background_background&quot;:&quot;classic&quot;}\">\n\t\t\t\t<div class=\"elementor-element elementor-element-3a0abffe elementor-widget elementor-widget-heading\" data-id=\"3a0abffe\" data-element_type=\"widget\" data-e-type=\"widget\" data-widget_type=\"heading.default\">\n\t\t\t\t\t<h2 class=\"elementor-heading-title elementor-size-default\">Jonathan Schaeffer<\/h2>\t\t\t\t<\/div>\n\t\t\t\t<\/div>\n\t\t\t\t<\/div>\n\t\t<div class=\"elementor-element elementor-element-142ba425 e-con-full e-flex e-con e-child\" data-id=\"142ba425\" data-element_type=\"container\" data-e-type=\"container\">\n\t\t\t\t<div class=\"elementor-element elementor-element-46928bf8 elementor-icon-list--layout-traditional elementor-list-item-link-full_width elementor-widget elementor-widget-icon-list\" data-id=\"46928bf8\" data-element_type=\"widget\" data-e-type=\"widget\" data-widget_type=\"icon-list.default\">\n\t\t\t\t\t\t\t<ul class=\"elementor-icon-list-items\">\n\t\t\t\t\t\t\t<li class=\"elementor-icon-list-item\">\n\t\t\t\t\t\t\t\t\t\t\t<span class=\"elementor-icon-list-icon\">\n\t\t\t\t\t\t\t<svg aria-hidden=\"true\" class=\"e-font-icon-svg e-fas-university\" viewbox=\"0 0 512 512\" xmlns=\"http:\/\/www.w3.org\/2000\/svg\"><path d=\"M496 128v16a8 8 0 0 1-8 8h-24v12c0 6.627-5.373 12-12 12H60c-6.627 0-12-5.373-12-12v-12H24a8 8 0 0 1-8-8v-16a8 8 0 0 1 4.941-7.392l232-88a7.996 7.996 0 0 1 6.118 0l232 88A8 8 0 0 1 496 128zm-24 304H40c-13.255 0-24 10.745-24 24v16a8 8 0 0 0 8 8h464a8 8 0 0 0 8-8v-16c0-13.255-10.745-24-24-24zM96 192v192H60c-6.627 0-12 5.373-12 12v20h416v-20c0-6.627-5.373-12-12-12h-36V192h-64v192h-64V192h-64v192h-64V192H96z\"><\/path><\/svg>\t\t\t\t\t\t<\/span>\n\t\t\t\t\t\t\t\t\t\t<span class=\"elementor-icon-list-text\">Professeur University of Alberta<\/span>\n\t\t\t\t\t\t\t\t\t<\/li>\n\t\t\t\t\t\t<\/ul>\n\t\t\t\t\t\t<\/div>\n\t\t\t\t<div class=\"elementor-element elementor-element-4d83788d elementor-widget-divider--view-line elementor-widget elementor-widget-divider\" data-id=\"4d83788d\" data-element_type=\"widget\" data-e-type=\"widget\" data-widget_type=\"divider.default\">\n\t\t\t\t\t\t\t<div class=\"elementor-divider\">\n\t\t\t<span class=\"elementor-divider-separator\">\n\t\t\t\t\t\t<\/span>\n\t\t<\/div>\n\t\t\t\t\t\t<\/div>\n\t\t\t\t<div class=\"elementor-element elementor-element-68282a88 elementor-widget elementor-widget-text-editor\" data-id=\"68282a88\" data-element_type=\"widget\" data-e-type=\"widget\" data-widget_type=\"text-editor.default\">\n\t\t\t\t\t\t\t\t\t<p>Jonathan Schaeffer est professeur \u00e9m\u00e9rite d'informatique \u00e0 l'universit\u00e9 de l'Alberta.  Au cours d'une carri\u00e8re de plus de 35 ans, Jonathan a eu un impact local \u00e0 Edmonton, national au Canada et international. Il a excell\u00e9 dans la recherche, l'enseignement et le service.<\/p><p>Les recherches de Jonathan portent sur l'intelligence artificielle (IA). Lorsqu'il \u00e9tait \u00e9tudiant dipl\u00f4m\u00e9, on lui a conseill\u00e9 de travailler sur des applications de l'IA pr\u00e9sentant un int\u00e9r\u00eat pour la soci\u00e9t\u00e9, telles que la m\u00e9decine. Mais comme sa passion non acad\u00e9mique \u00e9tait les jeux, Jonathan a d\u00e9cid\u00e9 de combiner son passe-temps avec sa carri\u00e8re. Ses recherches en IA se sont concentr\u00e9es sur les domaines de la recherche (recherche de solutions) et de la connaissance (\u00e9valuation de la \"bont\u00e9\"), deux domaines importants pour la cr\u00e9ation de programmes de jeu performants. Il a d\u00e9velopp\u00e9 un programme d'\u00e9checs qui a termin\u00e9 premier ex-aequo au championnat mondial d'\u00e9checs sur ordinateur de 1986. Il a \u00e9crit un programme de jeu de dames qui est entr\u00e9 dans l'histoire de l'informatique en \u00e9tant le premier programme \u00e0 obtenir le droit de jouer pour le championnat du monde humain. En 1992, son programme a perdu de justesse, mais en 1994, il est devenu champion du monde - un exploit reconnu par le livre Guinness des records. Il a continu\u00e9 \u00e0 travailler sur le jeu de dames et, en 2007, il a annonc\u00e9 que le jeu de dames \u00e9tait r\u00e9solu et que son programme ne perdrait jamais. En 2003, il a pris la t\u00eate d'une initiative visant \u00e0 cr\u00e9er le premier programme de jeu de poker solide. En 2008, le groupe de recherche sur le poker de l'universit\u00e9 d'Alberta est entr\u00e9 dans l'histoire de l'IA en battant des joueurs humains de classe mondiale - un autre exploit inscrit dans le livre Guinness des records . Dans les ann\u00e9es 2000, il a \u00e9galement travaill\u00e9 sur des jeux vid\u00e9o, contribuant \u00e0 d\u00e9velopper des logiciels qui ont \u00e9t\u00e9 d\u00e9ploy\u00e9s par de grandes soci\u00e9t\u00e9s de jeux.<\/p><p>Les recherches de Jonathan ont \u00e9t\u00e9 reconnues au niveau national et international - avec plus de 12 000 citations et un indice H impressionnant de 58. Il a form\u00e9 plus de 75 \u00e9tudiants de troisi\u00e8me cycle et a travaill\u00e9 avec de nombreux \u00e9tudiants de premier cycle. C'est un enseignant tr\u00e8s appr\u00e9ci\u00e9. Jonathan a \u00e9t\u00e9 l'un des architectes de l'\u00e9laboration d'une vision nationale pour le calcul de haute performance (HPC) au Canada. En tant que co-auteur du plan national \u00e0 long terme pour le calcul de haute performance au Canada, Jonathan a rassembl\u00e9 le pays en 2005 afin d'obtenir pr\u00e8s de $250 millions d'euros de financement pour construire cette infrastructure d'importance nationale.<\/p><p>Jonathan est cofondateur du c\u00e9l\u00e8bre Alberta Machine Intelligence Institute (Amii). Sa premi\u00e8re entreprise, BioTools (1995-2009), a cr\u00e9\u00e9 un logiciel de bioinformatique de classe mondiale. Il est copropri\u00e9taire d'Onlea (onlea.org, 2014-aujourd'hui), qui cr\u00e9e des exp\u00e9riences d'apprentissage en ligne attrayantes.<\/p>\t\t\t\t\t\t\t\t<\/div>\n\t\t\t\t<\/div>\n\t\t\t\t<\/div>\n\t\t\t\t\t<\/div>\n\t\t\t\t<\/div>\n\t\t\t\t<\/div>","protected":false},"excerpt":{"rendered":"<p>Jonathan Schaeffer University of Alberta Jonathan Schaeffer is Distinguished Professor of Computing Science at the University of Alberta.\u00a0 In a career spanning over 35 years, Jonathan has had impact locally in Edmonton, nationally in Canada, and internationally. He has excelled in research, teaching, and service. Jonathan\u2019s research is in artificial intelligence (AI). As a graduate [&hellip;]<\/p>\n","protected":false},"author":76,"featured_media":0,"parent":0,"menu_order":0,"comment_status":"closed","ping_status":"closed","template":"","meta":{"site-sidebar-layout":"no-sidebar","site-content-layout":"page-builder","ast-site-content-layout":"default","site-content-style":"default","site-sidebar-style":"default","ast-global-header-display":"","ast-banner-title-visibility":"","ast-main-header-display":"","ast-hfb-above-header-display":"","ast-hfb-below-header-display":"","ast-hfb-mobile-header-display":"","site-post-title":"disabled","ast-breadcrumbs-content":"","ast-featured-img":"disabled","footer-sml-layout":"","ast-disable-related-posts":"","theme-transparent-header-meta":"","adv-header-id-meta":"","stick-header-meta":"","header-above-stick-meta":"","header-main-stick-meta":"","header-below-stick-meta":"","astra-migrate-meta-layouts":"default","ast-page-background-enabled":"default","ast-page-background-meta":{"desktop":{"background-color":"","background-image":"","background-repeat":"repeat","background-position":"center center","background-size":"auto","background-attachment":"scroll","background-type":"","background-media":"","overlay-type":"","overlay-color":"","overlay-opacity":"","overlay-gradient":""},"tablet":{"background-color":"","background-image":"","background-repeat":"repeat","background-position":"center center","background-size":"auto","background-attachment":"scroll","background-type":"","background-media":"","overlay-type":"","overlay-color":"","overlay-opacity":"","overlay-gradient":""},"mobile":{"background-color":"","background-image":"","background-repeat":"repeat","background-position":"center center","background-size":"auto","background-attachment":"scroll","background-type":"","background-media":"","overlay-type":"","overlay-color":"","overlay-opacity":"","overlay-gradient":""}},"ast-content-background-meta":{"desktop":{"background-color":"var(--ast-global-color-5)","background-image":"","background-repeat":"repeat","background-position":"center center","background-size":"auto","background-attachment":"scroll","background-type":"","background-media":"","overlay-type":"","overlay-color":"","overlay-opacity":"","overlay-gradient":""},"tablet":{"background-color":"var(--ast-global-color-5)","background-image":"","background-repeat":"repeat","background-position":"center center","background-size":"auto","background-attachment":"scroll","background-type":"","background-media":"","overlay-type":"","overlay-color":"","overlay-opacity":"","overlay-gradient":""},"mobile":{"background-color":"var(--ast-global-color-5)","background-image":"","background-repeat":"repeat","background-position":"center center","background-size":"auto","background-attachment":"scroll","background-type":"","background-media":"","overlay-type":"","overlay-color":"","overlay-opacity":"","overlay-gradient":""}},"footnotes":""},"class_list":["post-10039","page","type-page","status-publish","hentry"],"_links":{"self":[{"href":"https:\/\/cscan-infocan.ca\/fr\/wp-json\/wp\/v2\/pages\/10039","targetHints":{"allow":["GET"]}}],"collection":[{"href":"https:\/\/cscan-infocan.ca\/fr\/wp-json\/wp\/v2\/pages"}],"about":[{"href":"https:\/\/cscan-infocan.ca\/fr\/wp-json\/wp\/v2\/types\/page"}],"author":[{"embeddable":true,"href":"https:\/\/cscan-infocan.ca\/fr\/wp-json\/wp\/v2\/users\/76"}],"replies":[{"embeddable":true,"href":"https:\/\/cscan-infocan.ca\/fr\/wp-json\/wp\/v2\/comments?post=10039"}],"version-history":[{"count":3,"href":"https:\/\/cscan-infocan.ca\/fr\/wp-json\/wp\/v2\/pages\/10039\/revisions"}],"predecessor-version":[{"id":24499,"href":"https:\/\/cscan-infocan.ca\/fr\/wp-json\/wp\/v2\/pages\/10039\/revisions\/24499"}],"wp:attachment":[{"href":"https:\/\/cscan-infocan.ca\/fr\/wp-json\/wp\/v2\/media?parent=10039"}],"curies":[{"name":"wp","href":"https:\/\/api.w.org\/{rel}","templated":true}]}}